{"id":9,"date":"2022-01-07T11:22:48","date_gmt":"2022-01-07T10:22:48","guid":{"rendered":"http:\/\/farmaciaduquesa.es\/wordpress\/?page_id=9"},"modified":"2022-01-10T23:41:14","modified_gmt":"2022-01-10T22:41:14","slug":"localizacion","status":"publish","type":"page","link":"https:\/\/farmaciaduquesa.es\/index.php\/localizacion\/","title":{"rendered":"Localizaci\u00f3n"},"content":{"rendered":"\n<p>Nos encontramos en:<\/p>\n\n\n\n<p><strong><span style=\"color:#001ca3\" class=\"has-inline-color\">C\/ Duquesa de Tamames, 33<\/span><\/strong><span style=\"color:#046481\" class=\"has-inline-color\"><br>2<\/span>8044 Madrid, MADRID<br><\/p>\n\n\n\n<p>Tel\u00e9fono fijo de la farmacia: <strong><span style=\"color:#046481\" class=\"has-inline-color\"><a rel=\"noreferrer noopener\" href=\"tel:915086400\" data-type=\"tel\" data-id=\"tel:915086400\" target=\"_blank\">91 508 64 00<\/a><\/span><\/strong><\/p>\n\n\n\n<p>Tel\u00e9fono m\u00f3vil y WhatsApp: <strong><a href=\"https:\/\/api.whatsapp.com\/send?phone=34696683533\" target=\"_blank\" rel=\"noreferrer noopener\">696 683 <\/a><a rel=\"noreferrer noopener\" href=\"https:\/\/api.whatsapp.com\/send?phone=34696683533\" target=\"_blank\">533<\/a><span style=\"color:#046481\" class=\"has-inline-color\"><\/span><\/strong><\/p>\n\n\n\n<p> Accede a nuestras redes sociales en los siguientes enlaces:<\/p>\n\n\n\n<div class=\"wp-block-wpzoom-blocks-social-icons is-style-with-label-canvas-rounded\" style=\"--wpz-social-icons-block-item-font-size:20px;--wpz-social-icons-block-item-padding-horizontal:5px;--wpz-social-icons-block-item-padding-vertical:5px;--wpz-social-icons-block-item-margin-horizontal:5px;--wpz-social-icons-block-item-margin-vertical:5px;--wpz-social-icons-block-item-border-radius:50px;--wpz-social-icons-block-label-font-size:15px;--wpz-social-icons-block-label-color:#fff;--wpz-social-icons-block-label-color-hover:#fff;--wpz-social-icons-alignment:flex-start\"><a href=\"https:\/\/www.facebook.com\/farmaciaduquesamadrid\" class=\"social-icon-link\" style=\"--wpz-social-icons-block-item-color:#1877F2;--wpz-social-icons-block-item-color-hover:#1877F2\"><span class=\"social-icon socicon socicon-facebook\"><\/span><span class=\"icon-label\">Facebook<\/span><\/a><a href=\"https:\/\/www.instagram.com\/farmacia_duquesa_madrid\/?hl=es\" class=\"social-icon-link\" style=\"--wpz-social-icons-block-item-color:#e4405f;--wpz-social-icons-block-item-color-hover:#e4405f\"><span class=\"social-icon socicon socicon-instagram\"><\/span><span class=\"icon-label\">Instagram<\/span><\/a><a href=\"https:\/\/www.linkedin.com\/company\/farmacia-duquesa\/about\/?viewAsMember=true\" class=\"social-icon-link\" style=\"--wpz-social-icons-block-item-color:#0077B5;--wpz-social-icons-block-item-color-hover:#0077B5\"><span class=\"social-icon socicon socicon-linkedin\"><\/span><span class=\"icon-label\">Linkedin<\/span><\/a><a href=\"https:\/\/api.whatsapp.com\/send?phone=34696683533\" class=\"social-icon-link\" style=\"--wpz-social-icons-block-item-color:#20B038;--wpz-social-icons-block-item-color-hover:#20B038\"><span class=\"social-icon socicon socicon-whatsapp\"><\/span><span class=\"icon-label\">Whatsapp<\/span><\/a><\/div>\n\n\n<p><\/p>\n<p><a href=\"https:\/\/g.page\/r\/CefEDvkx0UZHEBA\" target=\"_blank\" rel=\"noopener\">Mapa del sitio en Google:<\/a><\/p>\n<p><iframe loading=\"lazy\" style=\"border: 0;\" src=\"https:\/\/www.google.com\/maps\/embed?pb=!1m18!1m12!1m3!1d3039.6757967971935!2d-3.751726684605454!3d40.37171247937039!2m3!1f0!2f0!3f0!3m2!1i1024!2i768!4f13.1!3m3!1m2!1s0xd41882cbeab1031%3A0x4746d131f90ec4e7!2sFarmacia%20Duquesa!5e0!3m2!1ses!2ses!4v1641553452468!5m2!1ses!2ses\" width=\"600\" height=\"450\" allowfullscreen=\"allowfullscreen\"><\/iframe><\/p>","protected":false},"excerpt":{"rendered":"<p>Nos encontramos en: C\/ Duquesa de Tamames, 3328044 Madrid, MADRID Tel\u00e9fono fijo de la farmacia: 91 508 64 00 Tel\u00e9fono m\u00f3vil y WhatsApp: 696 683 533 Accede a nuestras redes sociales en los siguientes enlaces: Mapa del sitio en Google:<\/p>\n","protected":false},"author":1,"featured_media":0,"parent":0,"menu_order":0,"comment_status":"closed","ping_status":"closed","template":"","meta":{"footnotes":""},"_links":{"self":[{"href":"https:\/\/farmaciaduquesa.es\/index.php\/wp-json\/wp\/v2\/pages\/9"}],"collection":[{"href":"https:\/\/farmaciaduquesa.es\/index.php\/wp-json\/wp\/v2\/pages"}],"about":[{"href":"https:\/\/farmaciaduquesa.es\/index.php\/wp-json\/wp\/v2\/types\/page"}],"author":[{"embeddable":true,"href":"https:\/\/farmaciaduquesa.es\/index.php\/wp-json\/wp\/v2\/users\/1"}],"replies":[{"embeddable":true,"href":"https:\/\/farmaciaduquesa.es\/index.php\/wp-json\/wp\/v2\/comments?post=9"}],"version-history":[{"count":27,"href":"https:\/\/farmaciaduquesa.es\/index.php\/wp-json\/wp\/v2\/pages\/9\/revisions"}],"predecessor-version":[{"id":161,"href":"https:\/\/farmaciaduquesa.es\/index.php\/wp-json\/wp\/v2\/pages\/9\/revisions\/161"}],"wp:attachment":[{"href":"https:\/\/farmaciaduquesa.es\/index.php\/wp-json\/wp\/v2\/media?parent=9"}],"curies":[{"name":"wp","href":"https:\/\/api.w.org\/{rel}","templated":true}]}}