{"id":5,"date":"2022-01-07T11:19:06","date_gmt":"2022-01-07T10:19:06","guid":{"rendered":"http:\/\/farmaciaduquesa.es\/wordpress\/?page_id=5"},"modified":"2022-01-10T19:12:15","modified_gmt":"2022-01-10T18:12:15","slug":"farmacia","status":"publish","type":"page","link":"https:\/\/farmaciaduquesa.es\/","title":{"rendered":"Farmacia"},"content":{"rendered":"\n<p class=\"has-text-align-left\">Nuestra farmacia est\u00e1 situada en la calle Duquesa de Tamames 33, en el cruce de las calle Duquesa de Tamames y Ciruela, muy cerca del Ambulatorio de especialidades de la calle Aguacate. Llevamos 50 a\u00f1os atendiendo a nuestros pacientes, ya somos la segunda generaci\u00f3n de nuestra familia dirigiendo esta farmacia.<\/p>\n\n\n\n<div class=\"wp-block-image\"><figure class=\"aligncenter size-large\"><img loading=\"lazy\" decoding=\"async\" width=\"1024\" height=\"768\" src=\"https:\/\/farmaciaduquesa.es\/wp-content\/uploads\/2022\/01\/fachada-completa-sombra-1-1024x768.jpg\" alt=\"\" class=\"wp-image-100\" srcset=\"https:\/\/farmaciaduquesa.es\/wp-content\/uploads\/2022\/01\/fachada-completa-sombra-1-1024x768.jpg 1024w, https:\/\/farmaciaduquesa.es\/wp-content\/uploads\/2022\/01\/fachada-completa-sombra-1-300x225.jpg 300w, https:\/\/farmaciaduquesa.es\/wp-content\/uploads\/2022\/01\/fachada-completa-sombra-1-768x576.jpg 768w, https:\/\/farmaciaduquesa.es\/wp-content\/uploads\/2022\/01\/fachada-completa-sombra-1-1536x1152.jpg 1536w, https:\/\/farmaciaduquesa.es\/wp-content\/uploads\/2022\/01\/fachada-completa-sombra-1-2048x1536.jpg 2048w, https:\/\/farmaciaduquesa.es\/wp-content\/uploads\/2022\/01\/fachada-completa-sombra-1-1200x900.jpg 1200w, https:\/\/farmaciaduquesa.es\/wp-content\/uploads\/2022\/01\/fachada-completa-sombra-1-1980x1485.jpg 1980w\" sizes=\"(max-width: 1024px) 100vw, 1024px\" \/><figcaption>Foto a pie de calle<\/figcaption><\/figure><\/div>\n\n\n\n<p>Desde el mi\u00e9rcoles 2 de noviembre de 2016 podemos dispensar productos de parafarmacia por nuestro portal on-line.<\/p>\n\n\n\n<p>Desde el mi\u00e9rcoles 21 de febrero de 2018 dispensamos productos de ortopedia, plantillas a medida, ortesis, podolog\u00eda y ayudas t\u00e9cnicas.<\/p>\n\n\n\n<div class=\"wp-block-image\"><figure class=\"aligncenter size-large is-resized\"><img loading=\"lazy\" decoding=\"async\" src=\"http:\/\/farmaciaduquesa.es\/wordpress\/wp-content\/uploads\/2022\/01\/2016-10-28-10.05.30-2-576x1024.jpg\" alt=\"Lda. Ana Bel\u00e9n Pato-Castel Tadeo\" class=\"wp-image-75\" width=\"511\" height=\"908\" srcset=\"https:\/\/farmaciaduquesa.es\/wp-content\/uploads\/2022\/01\/2016-10-28-10.05.30-2-576x1024.jpg 576w, https:\/\/farmaciaduquesa.es\/wp-content\/uploads\/2022\/01\/2016-10-28-10.05.30-2-169x300.jpg 169w, https:\/\/farmaciaduquesa.es\/wp-content\/uploads\/2022\/01\/2016-10-28-10.05.30-2-rotated.jpg 720w\" sizes=\"(max-width: 511px) 100vw, 511px\" \/><figcaption>Lda. Ana Bel\u00e9n Pato-Castel Tadeo<\/figcaption><\/figure><\/div>\n","protected":false},"excerpt":{"rendered":"<p>Nuestra farmacia est\u00e1 situada en la calle Duquesa de Tamames 33, en el cruce de las calle Duquesa de Tamames y Ciruela, muy cerca del Ambulatorio de especialidades de la calle Aguacate. Llevamos 50 a\u00f1os atendiendo a nuestros pacientes, ya somos la segunda generaci\u00f3n de nuestra familia dirigiendo esta farmacia. Desde el mi\u00e9rcoles 2 de [&hellip;]<\/p>\n","protected":false},"author":1,"featured_media":0,"parent":0,"menu_order":0,"comment_status":"closed","ping_status":"closed","template":"","meta":{"footnotes":""},"_links":{"self":[{"href":"https:\/\/farmaciaduquesa.es\/index.php\/wp-json\/wp\/v2\/pages\/5"}],"collection":[{"href":"https:\/\/farmaciaduquesa.es\/index.php\/wp-json\/wp\/v2\/pages"}],"about":[{"href":"https:\/\/farmaciaduquesa.es\/index.php\/wp-json\/wp\/v2\/types\/page"}],"author":[{"embeddable":true,"href":"https:\/\/farmaciaduquesa.es\/index.php\/wp-json\/wp\/v2\/users\/1"}],"replies":[{"embeddable":true,"href":"https:\/\/farmaciaduquesa.es\/index.php\/wp-json\/wp\/v2\/comments?post=5"}],"version-history":[{"count":16,"href":"https:\/\/farmaciaduquesa.es\/index.php\/wp-json\/wp\/v2\/pages\/5\/revisions"}],"predecessor-version":[{"id":156,"href":"https:\/\/farmaciaduquesa.es\/index.php\/wp-json\/wp\/v2\/pages\/5\/revisions\/156"}],"wp:attachment":[{"href":"https:\/\/farmaciaduquesa.es\/index.php\/wp-json\/wp\/v2\/media?parent=5"}],"curies":[{"name":"wp","href":"https:\/\/api.w.org\/{rel}","templated":true}]}}