{"id":3,"date":"2022-01-07T09:55:37","date_gmt":"2022-01-07T09:55:37","guid":{"rendered":"http:\/\/farmaciaduquesa.es\/wordpress\/?page_id=3"},"modified":"2022-01-07T11:26:46","modified_gmt":"2022-01-07T10:26:46","slug":"politica-privacidad","status":"publish","type":"page","link":"https:\/\/farmaciaduquesa.es\/index.php\/politica-privacidad\/","title":{"rendered":"Aviso Legal"},"content":{"rendered":"\n<p>La comunicaci\u00f3n remitida quedar\u00e1 incorporada a los sistemas de informaci\u00f3n de Ana Bel\u00e9n Pato-Castel Tadeo. Dicha comunicaci\u00f3n se utilizar\u00e1 exclusivamente para atender a su consulta. Mediante la indicaci\u00f3n de sus datos, y de conformidad con lo establecido en el art\u00edculo 6 de la L.O.P.D., Vd. otorga consentimiento inequ\u00edvoco a Ana Bel\u00e9n Pato-Castel Tadeo para que proceda, en cumplimiento de los fines mencionados en el apartado anterior, al tratamiento de los datos personales facilitados. Asimismo, dicho consentimiento se extiende a la cesi\u00f3n de los datos de acuerdo con la legislaci\u00f3n antes mencionada.<\/p>\n\n\n\n<p>En cualquier momento usted podr\u00e1 ejercitar los derechos de acceso, rectificaci\u00f3n, oposici\u00f3n y, en su caso, cancelaci\u00f3on, comunic\u00e1ndolo por escrito con indicaci\u00f3n de sus datos a Ana Bel\u00e9n Pato-Castel Tadeo en el domicilio C\/ Duquesa de Tamames, 33 28044 &#8211; MADRID.<\/p>\n","protected":false},"excerpt":{"rendered":"<p>La comunicaci\u00f3n remitida quedar\u00e1 incorporada a los sistemas de informaci\u00f3n de Ana Bel\u00e9n Pato-Castel Tadeo. Dicha comunicaci\u00f3n se utilizar\u00e1 exclusivamente para atender a su consulta. Mediante la indicaci\u00f3n de sus datos, y de conformidad con lo establecido en el art\u00edculo 6 de la L.O.P.D., Vd. otorga consentimiento inequ\u00edvoco a Ana Bel\u00e9n Pato-Castel Tadeo para que [&hellip;]<\/p>\n","protected":false},"author":1,"featured_media":0,"parent":0,"menu_order":0,"comment_status":"closed","ping_status":"open","template":"","meta":{"footnotes":""},"_links":{"self":[{"href":"https:\/\/farmaciaduquesa.es\/index.php\/wp-json\/wp\/v2\/pages\/3"}],"collection":[{"href":"https:\/\/farmaciaduquesa.es\/index.php\/wp-json\/wp\/v2\/pages"}],"about":[{"href":"https:\/\/farmaciaduquesa.es\/index.php\/wp-json\/wp\/v2\/types\/page"}],"author":[{"embeddable":true,"href":"https:\/\/farmaciaduquesa.es\/index.php\/wp-json\/wp\/v2\/users\/1"}],"replies":[{"embeddable":true,"href":"https:\/\/farmaciaduquesa.es\/index.php\/wp-json\/wp\/v2\/comments?post=3"}],"version-history":[{"count":1,"href":"https:\/\/farmaciaduquesa.es\/index.php\/wp-json\/wp\/v2\/pages\/3\/revisions"}],"predecessor-version":[{"id":15,"href":"https:\/\/farmaciaduquesa.es\/index.php\/wp-json\/wp\/v2\/pages\/3\/revisions\/15"}],"wp:attachment":[{"href":"https:\/\/farmaciaduquesa.es\/index.php\/wp-json\/wp\/v2\/media?parent=3"}],"curies":[{"name":"wp","href":"https:\/\/api.w.org\/{rel}","templated":true}]}}