{"id":117,"date":"2022-01-09T18:31:09","date_gmt":"2022-01-09T17:31:09","guid":{"rendered":"http:\/\/farmaciaduquesa.es\/wordpress\/?page_id=117"},"modified":"2023-02-25T20:40:24","modified_gmt":"2023-02-25T19:40:24","slug":"servicios","status":"publish","type":"page","link":"https:\/\/farmaciaduquesa.es\/index.php\/servicios\/","title":{"rendered":"Servicios"},"content":{"rendered":"\n<div class=\"wp-block-media-text alignwide has-media-on-the-right is-stacked-on-mobile is-image-fill\"><div class=\"wp-block-media-text__content\">\n<h2 class=\"wp-block-heading\"><mark style=\"background-color:rgba(0, 0, 0, 0);color:#2fa300\" class=\"has-inline-color\">Atenci\u00f3n farmaceutica<\/mark><\/h2>\n\n\n\n<p>Es el servicio por excelencia de una oficina de farmacia.<\/p>\n\n\n\n<p>Os acerc\u00e1is a la Farmacia&nbsp;<strong>consult\u00e1ndonos<\/strong>&nbsp;acerca de alguna dolencia o s\u00edntoma que hab\u00e9is empezado a notar en los \u00faltimos d\u00edas. Nos ped\u00eds <strong>consejo o atenci\u00f3n farmac\u00e9utica<\/strong>.<\/p>\n\n\n\n<p>El servicio de atenci\u00f3n farmac\u00e9utica que ofrecemos, es un servicio profesional que prestamos cuando una persona nos&nbsp;<strong>pide<\/strong>&nbsp;un&nbsp;<strong>medicamento<\/strong>, o el remedio m\u00e1s adecuado o c<strong>onsejo para un s\u00edntoma menor<\/strong>.<\/p>\n\n\n\n<p>Ante cualquier duda cons\u00faltenos, estaremos encantados en ayudarle.<\/p>\n<\/div><figure class=\"wp-block-media-text__media\" style=\"background-image:url(https:\/\/farmaciaduquesa.es\/wp-content\/uploads\/2022\/01\/2016-10-28-10.05.30-2-1-576x1024.jpg);background-position:54% 34%\"><img loading=\"lazy\" decoding=\"async\" width=\"576\" height=\"1024\" src=\"https:\/\/farmaciaduquesa.es\/wp-content\/uploads\/2022\/01\/2016-10-28-10.05.30-2-1-576x1024.jpg\" alt=\"\" class=\"wp-image-127 size-large\" srcset=\"https:\/\/farmaciaduquesa.es\/wp-content\/uploads\/2022\/01\/2016-10-28-10.05.30-2-1-576x1024.jpg 576w, https:\/\/farmaciaduquesa.es\/wp-content\/uploads\/2022\/01\/2016-10-28-10.05.30-2-1-169x300.jpg 169w, https:\/\/farmaciaduquesa.es\/wp-content\/uploads\/2022\/01\/2016-10-28-10.05.30-2-1-rotated.jpg 720w\" sizes=\"(max-width: 576px) 100vw, 576px\" \/><\/figure><\/div>\n\n\n\n<div class=\"wp-block-media-text alignwide is-stacked-on-mobile is-image-fill\"><figure class=\"wp-block-media-text__media\" style=\"background-image:url(https:\/\/farmaciaduquesa.es\/wp-content\/uploads\/2022\/01\/Accutrend-1.jpg);background-position:33% 46%\"><img loading=\"lazy\" decoding=\"async\" width=\"500\" height=\"500\" src=\"https:\/\/farmaciaduquesa.es\/wp-content\/uploads\/2022\/01\/Accutrend-1.jpg\" alt=\"\" class=\"wp-image-137 size-full\" srcset=\"https:\/\/farmaciaduquesa.es\/wp-content\/uploads\/2022\/01\/Accutrend-1.jpg 500w, https:\/\/farmaciaduquesa.es\/wp-content\/uploads\/2022\/01\/Accutrend-1-300x300.jpg 300w, https:\/\/farmaciaduquesa.es\/wp-content\/uploads\/2022\/01\/Accutrend-1-150x150.jpg 150w\" sizes=\"(max-width: 500px) 100vw, 500px\" \/><\/figure><div class=\"wp-block-media-text__content\">\n<h2 class=\"wp-block-heading\"><mark style=\"background-color:rgba(0, 0, 0, 0);color:#2fa300\" class=\"has-inline-color\">An\u00e1lisis de sangre<\/mark><\/h2>\n\n\n\n<p>An\u00e1lisis de&nbsp;<strong>Glucosa, Colesterol y\/o Triglic\u00e9ridos<\/strong>&nbsp;con un pinchazo en el dedo.<\/p>\n\n\n\n<p>Es necesario ir en&nbsp;<strong>ayunas<\/strong>&nbsp;si quiere hacerse un control de&nbsp;<strong>colesterol, triglic\u00e9ridos<\/strong>&nbsp;as\u00ed como saber que <strong>glucemia<\/strong> tienes al levantarte.<\/p>\n\n\n\n<p>Puedes venir en&nbsp;<strong>cualquier momento del d\u00eda<\/strong>&nbsp;si lo que necesita saber es si su&nbsp;<strong>diabetes<\/strong>&nbsp;est\u00e1 siendo bien controlada.<\/p>\n<\/div><\/div>\n\n\n\n<div class=\"wp-block-media-text alignwide has-media-on-the-right is-stacked-on-mobile is-image-fill\"><div class=\"wp-block-media-text__content\">\n<h2 class=\"wp-block-heading\"><mark style=\"background-color:rgba(0, 0, 0, 0);color:#2fa300\" class=\"has-inline-color\">Control tensi\u00f3n arterial<\/mark><\/h2>\n\n\n\n<p>Si necesita&nbsp;controlar su <strong>tensi\u00f3n arterial<\/strong>&nbsp;porque padezca hipertensi\u00f3n, est\u00e9 tomando medicaci\u00f3n que pueda alterar sus niveles o simplemente no se encuentras bien, puede&nbsp;<strong>venir a cualquier hora del d\u00eda<\/strong>&nbsp;y tomaremos su tensi\u00f3n arterial.<\/p>\n<\/div><figure class=\"wp-block-media-text__media\" style=\"background-image:url(https:\/\/farmaciaduquesa.es\/wp-content\/uploads\/2022\/01\/Tensiometro-omrom-1024x1024.jpg);background-position:58% 35%\"><img loading=\"lazy\" decoding=\"async\" width=\"1024\" height=\"1024\" src=\"https:\/\/farmaciaduquesa.es\/wp-content\/uploads\/2022\/01\/Tensiometro-omrom-1024x1024.jpg\" alt=\"\" class=\"wp-image-135 size-large\" srcset=\"https:\/\/farmaciaduquesa.es\/wp-content\/uploads\/2022\/01\/Tensiometro-omrom-1024x1024.jpg 1024w, https:\/\/farmaciaduquesa.es\/wp-content\/uploads\/2022\/01\/Tensiometro-omrom-300x300.jpg 300w, https:\/\/farmaciaduquesa.es\/wp-content\/uploads\/2022\/01\/Tensiometro-omrom-150x150.jpg 150w, https:\/\/farmaciaduquesa.es\/wp-content\/uploads\/2022\/01\/Tensiometro-omrom-768x768.jpg 768w, https:\/\/farmaciaduquesa.es\/wp-content\/uploads\/2022\/01\/Tensiometro-omrom-1200x1200.jpg 1200w, https:\/\/farmaciaduquesa.es\/wp-content\/uploads\/2022\/01\/Tensiometro-omrom.jpg 1500w\" sizes=\"(max-width: 1024px) 100vw, 1024px\" \/><\/figure><\/div>\n\n\n\n<div class=\"wp-block-media-text alignwide is-stacked-on-mobile\"><figure class=\"wp-block-media-text__media\"><img loading=\"lazy\" decoding=\"async\" width=\"528\" height=\"495\" src=\"https:\/\/farmaciaduquesa.es\/wp-content\/uploads\/2022\/01\/ZonaOrtopediaMini.png\" alt=\"\" class=\"wp-image-122 size-full\" srcset=\"https:\/\/farmaciaduquesa.es\/wp-content\/uploads\/2022\/01\/ZonaOrtopediaMini.png 528w, https:\/\/farmaciaduquesa.es\/wp-content\/uploads\/2022\/01\/ZonaOrtopediaMini-300x281.png 300w\" sizes=\"(max-width: 528px) 100vw, 528px\" \/><\/figure><div class=\"wp-block-media-text__content\">\n<h2 class=\"wp-block-heading\"><mark style=\"background-color:rgba(0, 0, 0, 0);color:#2fa300\" class=\"has-inline-color\">Zona Ortopedia<\/mark><\/h2>\n\n\n\n<div class=\"wp-block-group is-layout-flow wp-block-group-is-layout-flow\"><div class=\"wp-block-group__inner-container\">\n<h6 class=\"wp-block-heading\"><strong>El servicio de ZonaOrtopedia incluye:<\/strong><\/h6>\n\n\n\n<ul>\n<li>Ayudas a la movilidad<\/li>\n\n\n\n<li>Ayudas t\u00e9cnicas para el ba\u00f1o y el d\u00eda a d\u00eda<\/li>\n\n\n\n<li>Ortesis comunes y para deportistas<\/li>\n\n\n\n<li>Podolog\u00eda, y plantillas a medida.<\/li>\n<\/ul>\n<\/div><\/div>\n<\/div><\/div>\n\n\n\n<div class=\"wp-block-media-text alignwide has-media-on-the-right is-stacked-on-mobile is-image-fill\"><div class=\"wp-block-media-text__content\">\n<h2 class=\"wp-block-heading\"><mark style=\"background-color:rgba(0, 0, 0, 0);color:#2fa300\" class=\"has-inline-color\">Elaboraci\u00f3n de regalos personalizados<\/mark><\/h2>\n\n\n\n<p>Preparamos&nbsp;<strong>Regalos Personalizados<\/strong>.<\/p>\n\n\n\n<p>El nacimiento de un bebe, el d\u00eda del padre o de la madre, San Valent\u00edn, Navidades o un cumplea\u00f1os, en el que quieres hacer un buen regalo y con las mejores garant\u00edas.<\/p>\n\n\n\n<p>Nosotros&nbsp;<strong>lo prepararemos para ti<\/strong>.<\/p>\n<\/div><figure class=\"wp-block-media-text__media\" style=\"background-image:url(https:\/\/farmaciaduquesa.es\/wp-content\/uploads\/2022\/01\/canastilla-sin-marca.png);background-position:59% 49%\"><img loading=\"lazy\" decoding=\"async\" width=\"500\" height=\"500\" src=\"https:\/\/farmaciaduquesa.es\/wp-content\/uploads\/2022\/01\/canastilla-sin-marca.png\" alt=\"\" class=\"wp-image-129 size-full\" srcset=\"https:\/\/farmaciaduquesa.es\/wp-content\/uploads\/2022\/01\/canastilla-sin-marca.png 500w, https:\/\/farmaciaduquesa.es\/wp-content\/uploads\/2022\/01\/canastilla-sin-marca-300x300.png 300w, https:\/\/farmaciaduquesa.es\/wp-content\/uploads\/2022\/01\/canastilla-sin-marca-150x150.png 150w\" sizes=\"(max-width: 500px) 100vw, 500px\" \/><\/figure><\/div>\n\n\n\n<div class=\"wp-block-media-text alignwide is-stacked-on-mobile\"><figure class=\"wp-block-media-text__media\"><a href=\"https:\/\/www.sensafarma.es\" target=\"_blank\" rel=\"noreferrer noopener\"><img loading=\"lazy\" decoding=\"async\" width=\"450\" height=\"64\" src=\"https:\/\/farmaciaduquesa.es\/wp-content\/uploads\/2023\/02\/logo-sensafarma-450.jpg\" alt=\"\" class=\"wp-image-169 size-full\" srcset=\"https:\/\/farmaciaduquesa.es\/wp-content\/uploads\/2023\/02\/logo-sensafarma-450.jpg 450w, https:\/\/farmaciaduquesa.es\/wp-content\/uploads\/2023\/02\/logo-sensafarma-450-300x43.jpg 300w\" sizes=\"(max-width: 450px) 100vw, 450px\" \/><\/a><\/figure><div class=\"wp-block-media-text__content\">\n<h2 class=\"wp-block-heading\"><mark style=\"background-color:rgba(0, 0, 0, 0);color:#2fa300\" class=\"has-inline-color\"><a href=\"https:\/\/www.sensafarma.es\" data-type=\"URL\" data-id=\"https:\/\/www.sensafarma.es\">Dispensaci\u00f3n online<\/a><\/mark><\/h2>\n\n\n\n<p>En colaboraci\u00f3n con SENSAFARMA dispensamos online articulos de parafarmacia. Puedes recogerlo en nuestra farmacia o bien te lo enviamos a tu domicilio.<\/p>\n<\/div><\/div>\n","protected":false},"excerpt":{"rendered":"<p>Atenci\u00f3n farmaceutica Es el servicio por excelencia de una oficina de farmacia. Os acerc\u00e1is a la Farmacia&nbsp;consult\u00e1ndonos&nbsp;acerca de alguna dolencia o s\u00edntoma que hab\u00e9is empezado a notar en los \u00faltimos d\u00edas. Nos ped\u00eds consejo o atenci\u00f3n farmac\u00e9utica. El servicio de atenci\u00f3n farmac\u00e9utica que ofrecemos, es un servicio profesional que prestamos cuando una persona nos&nbsp;pide&nbsp;un&nbsp;medicamento, o [&hellip;]<\/p>\n","protected":false},"author":1,"featured_media":0,"parent":0,"menu_order":0,"comment_status":"closed","ping_status":"closed","template":"","meta":{"footnotes":""},"_links":{"self":[{"href":"https:\/\/farmaciaduquesa.es\/index.php\/wp-json\/wp\/v2\/pages\/117"}],"collection":[{"href":"https:\/\/farmaciaduquesa.es\/index.php\/wp-json\/wp\/v2\/pages"}],"about":[{"href":"https:\/\/farmaciaduquesa.es\/index.php\/wp-json\/wp\/v2\/types\/page"}],"author":[{"embeddable":true,"href":"https:\/\/farmaciaduquesa.es\/index.php\/wp-json\/wp\/v2\/users\/1"}],"replies":[{"embeddable":true,"href":"https:\/\/farmaciaduquesa.es\/index.php\/wp-json\/wp\/v2\/comments?post=117"}],"version-history":[{"count":20,"href":"https:\/\/farmaciaduquesa.es\/index.php\/wp-json\/wp\/v2\/pages\/117\/revisions"}],"predecessor-version":[{"id":175,"href":"https:\/\/farmaciaduquesa.es\/index.php\/wp-json\/wp\/v2\/pages\/117\/revisions\/175"}],"wp:attachment":[{"href":"https:\/\/farmaciaduquesa.es\/index.php\/wp-json\/wp\/v2\/media?parent=117"}],"curies":[{"name":"wp","href":"https:\/\/api.w.org\/{rel}","templated":true}]}}